{"id":9,"date":"2021-07-15T14:32:32","date_gmt":"2021-07-15T14:32:32","guid":{"rendered":"http:\/\/dagoras.io\/?page_id=9"},"modified":"2022-06-08T03:21:43","modified_gmt":"2022-06-08T03:21:43","slug":"lien-he","status":"publish","type":"page","link":"https:\/\/dagoras.io\/?page_id=9","title":{"rendered":"Li\u00ean h\u1ec7"},"content":{"rendered":"<div><span style=\"color: #000080; font-size: 18pt;\"><strong>C\u00f4ng ty C\u1ed5 ph\u1ea7n C\u00f4ng Ngh\u1ec7 D\u1eef Li\u1ec7u Dagoras<\/strong><\/span><\/div>\r\n<div>\r\n<p>&nbsp;<\/p>\r\n<table style=\"width: 100%;\">\r\n<tbody>\r\n<tr>\r\n<td style=\"width: 45.3047%;\">\r\n<p><span style=\"color: #000080;\"><strong>TR\u1ee4 S\u1ede:<\/strong><\/span><\/p>\r\n<p>T\u1ea7ng 2, S\u1ed1 26, Nguy\u1ec5n C\u00f4ng Hoan, Ph\u01b0\u1eddng Ng\u1ecdc Kh\u00e1nh, Qu\u1eadn Ba \u0110\u00ecnh, TP H\u00e0 N\u1ed9i.<\/p>\r\n<p><strong>Hotline:<\/strong> (+84) 246 688 8099<\/p>\r\n<p><strong>Email:<\/strong> admin@dagoras.io<\/p>\r\n<\/td>\r\n<td style=\"width: 53.7256%;\">\r\n<p><span style=\"color: #000080;\"><strong>V\u0102N PH\u00d2NG \u0110\u1ea0I DI\u1ec6N:<\/strong><\/span><\/p>\r\n<p>T\u1ea7ng 6, T\u00f2a Nh\u00e0 HT S\u1ed1 80 Duy T\u00e2n, Ph\u01b0\u1eddng D\u1ecbch V\u1ecdng H\u1eadu, Qu\u1eadn C\u1ea7u Gi\u1ea5y, TP H\u00e0 N\u1ed9i.<\/p>\r\n<p><span style=\"color: #000080;\"><strong>GI\u1edc L\u00c0M VI\u1ec6C<\/strong><\/span><\/p>\r\n<p><strong>S\u00e1ng:<\/strong>\u00a0 8h00 &#8211; 12h00\u00a0 \u00a0 \u00a0<strong>Chi\u1ec1u:<\/strong> 13h00 &#8211; 17h00<\/p>\r\n<\/td>\r\n<\/tr>\r\n<\/tbody>\r\n<\/table>\r\n<\/div>\r\n<div>\u00a0<\/div>\r\n<div>\u00a0<\/div>\r\n<p><strong>H\u1ec7 th\u1ed1ng website:\u00a0<\/strong> <a href=\"https:\/\/dagoras.io\">dagoras.io<\/a><\/p>\r\n<p>&nbsp;<\/p>\r\n<p class=\"map-title\">B\u1ea3n \u0111\u1ed3 t\u1edbi c\u00e1c v\u0103n ph\u00f2ng c\u1ee7a DAGORAS:<\/p>\r\n<p class=\"map1\"><strong>V\u0103n ph\u00f2ng \u0111\u1ea1i di\u1ec7n: T\u1ea7ng 6, T\u00f2a Nh\u00e0 HT S\u1ed1 80 Duy T\u00e2n, Ph\u01b0\u1eddng D\u1ecbch V\u1ecdng H\u1eadu, Qu\u1eadn C\u1ea7u Gi\u1ea5y, TP H\u00e0 N\u1ed9i.<\/strong><\/p>\r\n\r\n<p><iframe loading=\"lazy\" style=\"border: 0;\" src=\"https:\/\/www.google.com\/maps\/embed?pb=!1m18!1m12!1m3!1d1723.9941203333!2d105.78134720866717!3d21.031361230612212!2m3!1f0!2f0!3f0!3m2!1i1024!2i768!4f13.1!3m3!1m2!1s0x3135ab4b5983e67d%3A0xa87e2f4bd0ac5cfc!2zODAgUC4gRHV5IFTDom4sIEThu4tjaCBW4buNbmcgSOG6rXUsIEPhuqd1IEdp4bqleSwgSMOgIE7hu5lpIDEwMDAwMCwgVmnhu4d0IE5hbQ!5e0!3m2!1svi!2s!4v1652761942405!5m2!1svi!2s\" width=\"600\" height=\"450\" allowfullscreen=\"allowfullscreen\"><\/iframe><\/p>\r\n\r\n\r\n\r\n<p>&nbsp;<\/p>\r\n\r\n\r\n\r\n<p><strong>Tr\u1ee5 s\u1edf: 26 Nguy\u1ec5n C\u00f4ng Hoan, ph\u01b0\u1eddng Ng\u1ecdc Kh\u00e1nh, qu\u1eadn Ba \u0110\u00ecnh, H\u00e0 N\u1ed9i<\/strong><\/p>\r\n\r\n\r\n\r\n<p><iframe loading=\"lazy\" style=\"border: 0;\" src=\"https:\/\/www.google.com\/maps\/embed?pb=!1m18!1m12!1m3!1d3724.133732430646!2d105.81155701493256!3d21.027334385999175!2m3!1f0!2f0!3f0!3m2!1i1024!2i768!4f13.1!3m3!1m2!1s0x3135ab6e8e5e00c3%3A0x4c704c80551da9c2!2zMjYgTmd1eeG7hW4gQ8O0bmcgSG9hbiwgR2nhuqNuZyBWw7UsIEJhIMSQw6xuaCwgSMOgIE7hu5lpLCBWaeG7h3QgTmFt!5e0!3m2!1svi!2s!4v1626661767120!5m2!1svi!2s\" width=\"600\" height=\"450\" allowfullscreen=\"allowfullscreen\"><\/iframe><\/p>","protected":false},"excerpt":{"rendered":"<p>C\u00f4ng ty C\u1ed5 ph\u1ea7n C\u00f4ng Ngh\u1ec7 D\u1eef Li\u1ec7u Dagoras &nbsp; TR\u1ee4 S\u1ede: T\u1ea7ng 2, S\u1ed1 26, Nguy\u1ec5n C\u00f4ng Hoan, Ph\u01b0\u1eddng Ng\u1ecdc Kh\u00e1nh, Qu\u1eadn Ba \u0110\u00ecnh, TP H\u00e0 N\u1ed9i. Hotline: (+84) 246 688 8099 Email: admin@dagoras.io V\u0102N PH\u00d2NG \u0110\u1ea0I DI\u1ec6N: T\u1ea7ng 6, T\u00f2a Nh\u00e0 HT S\u1ed1 80 Duy T\u00e2n, Ph\u01b0\u1eddng D\u1ecbch V\u1ecdng H\u1eadu, Qu\u1eadn C\u1ea7u Gi\u1ea5y, [&hellip;]<\/p>\n","protected":false},"author":2,"featured_media":0,"parent":0,"menu_order":0,"comment_status":"closed","ping_status":"closed","template":"","meta":{"footnotes":""},"class_list":["post-9","page","type-page","status-publish","hentry"],"_links":{"self":[{"href":"https:\/\/dagoras.io\/index.php?rest_route=\/wp\/v2\/pages\/9","targetHints":{"allow":["GET"]}}],"collection":[{"href":"https:\/\/dagoras.io\/index.php?rest_route=\/wp\/v2\/pages"}],"about":[{"href":"https:\/\/dagoras.io\/index.php?rest_route=\/wp\/v2\/types\/page"}],"author":[{"embeddable":true,"href":"https:\/\/dagoras.io\/index.php?rest_route=\/wp\/v2\/users\/2"}],"replies":[{"embeddable":true,"href":"https:\/\/dagoras.io\/index.php?rest_route=%2Fwp%2Fv2%2Fcomments&post=9"}],"version-history":[{"count":23,"href":"https:\/\/dagoras.io\/index.php?rest_route=\/wp\/v2\/pages\/9\/revisions"}],"predecessor-version":[{"id":636,"href":"https:\/\/dagoras.io\/index.php?rest_route=\/wp\/v2\/pages\/9\/revisions\/636"}],"wp:attachment":[{"href":"https:\/\/dagoras.io\/index.php?rest_route=%2Fwp%2Fv2%2Fmedia&parent=9"}],"curies":[{"name":"wp","href":"https:\/\/api.w.org\/{rel}","templated":true}]}}