{"id":7,"date":"2021-07-15T14:31:09","date_gmt":"2021-07-15T14:31:09","guid":{"rendered":"http:\/\/dagoras.io\/?page_id=7"},"modified":"2021-08-08T03:02:42","modified_gmt":"2021-08-08T03:02:42","slug":"gioi-thieu","status":"publish","type":"page","link":"https:\/\/dagoras.io\/?page_id=7","title":{"rendered":"Gi\u1edbi thi\u1ec7u"},"content":{"rendered":"<h1>V\u1ec1 Dagoras ch\u00fang t\u00f4i!<\/h1>\n<p style=\"text-align: justify;\">DAGORAS l\u00e0 m\u1ed9t startup c\u00f4ng ngh\u1ec7 ho\u1ea1t \u0111\u1ed9ng trong l\u0129nh v\u1ef1c marketing technology t\u1ea1i Vi\u1ec7t Nam v\u1edbi m\u1ee5c ti\u00eau cung c\u1ea5p b\u1ed9 gi\u1ea3i ph\u00e1p to\u00e0n di\u1ec7n gi\u00fap c\u00e1c doanh nghi\u1ec7p n\u00e2ng cao hi\u1ec7u qu\u1ea3 kinh doanh v\u1ec1 truy\u1ec1n th\u00f4ng qua vi\u1ec7c th\u1ea5u hi\u1ec3u kh\u00e1ch h\u00e0ng c\u1ee7a ch\u00ednh m\u00ecnh.<\/p>\n<p style=\"text-align: justify;\">N\u0103m 2019, DAGORAS \u0111\u01b0\u1ee3c t\u00e0i tr\u1ee3 b\u1edfi Vin Group th\u00f4ng qua qu\u1ef9 Vintech Fund &#8211; Qu\u1ef9 \u0111\u1ea7u t\u01b0 ph\u00e1t tri\u1ec3n c\u00e1c d\u1ef1 \u00e1n nghi\u00ean c\u1ee9u khoa h\u1ecdc \u1ee9ng d\u1ee5ng v\u00e0 nh\u1eadn \u0111\u01b0\u1ee3c s\u1ef1 b\u1ea3o tr\u1ee3 b\u1edfi \u0110\u1ea1i h\u1ecdc Qu\u1ed1c gia H\u00e0 N\u1ed9i. DAGORAS n\u1eafm gi\u1eef m\u1ed9t \u0111\u1ed9i ng\u0169 nh\u00e2n s\u1ef1 nhanh nh\u1eb9n, s\u00e1ng t\u1ea1o, c\u00f3 tr\u00ecnh \u0111\u1ed9 chuy\u00ean m\u00f4n v\u00e0 b\u1ec1 d\u00e0y kinh nghi\u1ec7m, c\u00e1c s\u1ea3n ph\u1ea9m n\u1ec1n t\u1ea3ng t\u1eadn d\u1ee5ng \u0111\u01b0\u1ee3c c\u00f4ng ngh\u1ec7 m\u1edbi v\u00e0 ph\u00f9 h\u1ee3p v\u1edbi tr\u00e0o l\u01b0u c\u1ee7a x\u00e3 h\u1ed9i. D\u00f9 tu\u1ed5i \u0111\u1eddi c\u00f2n r\u1ea5t tr\u1ebb, nh\u01b0ng DAGORAS \u0111\u00e3 v\u00e0 \u0111ang l\u00e0m h\u00e0i l\u00f2ng nhi\u1ec1u kh\u00e1ch h\u00e0ng, \u0111\u1ed1i t\u00e1c trong v\u00e0 ngo\u00e0i n\u01b0\u1edbc, trong \u0111\u00f3 c\u00f3 nh\u1eefng t\u1eadp \u0111o\u00e0n, d\u01a1n v\u1ecb l\u1edbn nh\u01b0 Viettel, Mobifone, FPT, Vietcombank, v.v..<\/p>\n<h3>DAGORAS l\u00e0 g\u00ec?<\/h3>\n<p><img loading=\"lazy\" decoding=\"async\" class=\"wp-image-246 aligncenter\" src=\"https:\/\/dagoras.io\/wp-content\/uploads\/2021\/08\/logo.jpg\" alt=\"\" width=\"335\" height=\"339\" srcset=\"https:\/\/dagoras.io\/wp-content\/uploads\/2021\/08\/logo.jpg 1448w, https:\/\/dagoras.io\/wp-content\/uploads\/2021\/08\/logo-297x300.jpg 297w, https:\/\/dagoras.io\/wp-content\/uploads\/2021\/08\/logo-1013x1024.jpg 1013w, https:\/\/dagoras.io\/wp-content\/uploads\/2021\/08\/logo-768x776.jpg 768w\" sizes=\"auto, (max-width: 335px) 100vw, 335px\" \/><\/p>\n<p style=\"text-align: justify;\">DAGORAS ch\u00ednh l\u00e0 c\u00e1i t\u00ean th\u1ec3 hi\u1ec7n ti\u1ec1m n\u0103ng v\u00e0 ch\u00ed h\u01b0\u1edbng c\u1ee7a c\u1ea3 gia \u0111\u00ecnh DAGORAS, bao g\u1ed3m hai b\u1ed9 ph\u1eadn, l\u00e0 t\u1eeb &#8220;agora&#8221; \u0111\u01b0\u1ee3c bao b\u1ecdc b\u1edfi &#8220;DS&#8221;.<\/p>\n<p style=\"text-align: justify;\">T\u1eeb \u201c<strong>AGORA<\/strong>\u201d b\u1eaft ngu\u1ed3n t\u1eeb thu\u1eadt ng\u1eef &#8220;ageirein&#8221; trong ti\u1ebfng Hy L\u1ea1p c\u1ed5 \u0111\u1ea1i, t\u01b0\u01a1ng \u0111\u01b0\u01a1ng v\u1edbi t\u1eeb &#8220;market&#8221; c\u1ee7a ti\u1ebfng Anh, c\u00f3 ngh\u0129a l\u00e0 n\u01a1i t\u1eadp h\u1ee3p, n\u01a1i h\u1ed9i h\u1ecdp m\u1edf, trao \u0111\u1ed5i bu\u00f4n b\u00e1n, hay d\u1ec5 hi\u1ec3u nh\u1ea5t, l\u00e0 ch\u1ee3. Agora m\u00e0 ch\u00fang t\u00f4i mu\u1ed1n h\u01b0\u1edbng \u0111\u1ebfn ch\u00ednh l\u00e0 marketing, v\u1edbi m\u1ee5c \u0111\u00edch h\u1ed7 tr\u1ee3 kh\u00e1ch h\u00e0ng c\u1ee7a m\u00ecnh t\u1ea1o m\u1ed1i quan h\u1ec7 v\u00e0 l\u00e0m h\u00e0i l\u00f2ng kh\u00e1ch h\u00e0ng c\u1ee7a h\u1ecd. Tuy nhi\u00ean, DAGORAS kh\u00f4ng ph\u1ea3i l\u00e0 m\u1ed9t c\u00f4ng ty marketing truy\u1ec1n th\u1ed1ng, c\u00e1i ch\u00fang t\u00f4i cung c\u1ea5p l\u00e0 c\u00e1c s\u1ea3n ph\u1ea9m v\u00e0 d\u1ecbch v\u1ee5 <strong>Martech<\/strong>. DAGORAS khai th\u00e1c c\u00f4ng ngh\u1ec7 (technology) \u0111\u1ec3 gi\u00fap kh\u00e1ch h\u00e0ng \u0111\u1ea1t \u0111\u01b0\u1ee3c c\u00e1c m\u1ee5c ti\u00eau v\u00e0 m\u1ee5c \u0111\u00edch ti\u1ebfp th\u1ecb (marketing).<\/p>\n<p style=\"text-align: justify;\">&#8220;Agora&#8221; \u0111\u01b0\u1ee3c t\u1eeb &#8220;<strong>DS<\/strong>&#8221; \u00f4m tr\u1ecdn v\u00e0o l\u00f2ng, \u0111\u00e2y ch\u00ednh l\u00e0 n\u1ec1n t\u1ea3ng c\u01a1 b\u1ea3n t\u1ea1o n\u00ean DAGORAS. Ch\u00fang t\u00f4i \u1ee9ng d\u1ee5ng nh\u1eefng c\u00f4ng ngh\u1ec7, nghi\u00ean c\u1ee9u ti\u00ean ti\u1ebfn nh\u1ea5t trong khoa h\u1ecdc d\u1eef li\u1ec7u (<strong>Data science<\/strong>) \u0111\u1ec3 th\u1ef1c hi\u1ec7n vi\u1ec7c marketing m\u1ed9t c\u00e1ch ti\u1ebft ki\u1ec7m nh\u01b0ng l\u1ea1i nhanh ch\u00f3ng v\u00e0 \u0111\u1ea1t k\u1ebft qu\u1ea3 cao nh\u1ea5t. DAGORAS \u0111\u01b0\u1ee3c s\u1ef1 h\u1ed7 tr\u1ee3 v\u00e0 t\u01b0 v\u1ea5n b\u1edfi nhi\u1ec1u chuy\u00ean gia h\u00e0ng \u0111\u1ea7u trong l\u0129nh v\u1ef1c khoa h\u1ecdc d\u1eef li\u1ec7u t\u1ea1i ph\u00f2ng th\u00ed nghi\u1ec7m Khoa h\u1ecdc d\u1eef li\u1ec7u v\u00e0 C\u00f4ng ngh\u1ec7 tri th\u1ee9c, tr\u01b0\u1eddng \u0110\u1ea1i h\u1ecdc C\u00f4ng ngh\u1ec7, \u0110HQGHN. DAGORAS \u0111\u01b0\u1ee3c quy\u1ec1n kinh doanh \u0111\u1ed9c quy\u1ec1n nhi\u1ec1u s\u1ea3n ph\u1ea9m khoa h\u1ecdc v\u00e0 c\u00f4ng ngh\u1ec7 ti\u00ean ti\u1ebfn c\u00f3 kh\u1ea3 n\u0103ng ph\u00e2n t\u00edch d\u1eef li\u1ec7u qu\u00e1 kh\u1ee9, d\u1ef1 \u0111o\u00e1n d\u1eef li\u1ec7u t\u01b0\u01a1ng lai. DAGORAS lu\u00f4n t\u1eadp trung v\u00e0o vi\u1ec7c th\u1ea5u hi\u1ec3u ch\u00e2n dung kh\u00e1ch h\u00e0ng \u0111\u1ec3 \u0111em l\u1ea1i nh\u1eefng chi\u1ebfn l\u01b0\u1ee3c marketing ph\u00f9 h\u1ee3p v\u00e0 ti\u1ebft ki\u1ec7m nh\u1ea5t.<\/p>\n<p style=\"text-align: justify;\">V\u1edbi \u00fd ngh\u0129a n\u00e0y, logo ch\u00ednh c\u1ee7a DAGORAS nh\u1ea5n m\u1ea1nh v\u00e0o hai ch\u1eef DS c\u00e1ch \u0111i\u1ec7u, v\u1eeba th\u1ec3 hi\u1ec7n s\u1ef1 li\u00ean k\u1ebft ch\u1eb7t ch\u1ebd, v\u1eeba mu\u1ed1n nh\u1ea5n m\u1ea1nh r\u1eb1ng nh\u1eefng g\u00ec ch\u00fang t\u00f4i \u0111ang l\u00e0m ch\u00ednh l\u00e0 \u0111\u1ec3 h\u00f2a h\u1ee3p hai l\u0129nh v\u1ef1c t\u01b0\u1edfng ch\u1eebng nh\u01b0 r\u1ea5t kh\u00e1c nhau v\u00e0o m\u1ed9t th\u1ec3 th\u1ed1ng nh\u1ea5t v\u00e0 hi\u1ec7u qu\u1ea3. C\u00f9ng v\u1edbi \u0111\u00f3, ch\u1eef O trong t\u00ean dagOras \u0111\u01b0\u1ee3c thi\u1ebft k\u1ebf nh\u01b0 m\u1ed9t \u0111i\u1ec3m h\u1ed3ng t\u00e2m, nh\u1ea5n m\u1ea1nh v\u00e0o ti\u1ebfp th\u1ecb h\u01b0\u1edbng m\u1ee5c ti\u00eau (<strong>Targeted Markerting<\/strong>), m\u1ed9t trong nh\u1eefng \u0111\u1ecbnh h\u01b0\u1edbng quan tr\u1ecdng m\u00e0 DAGORAS \u0111\u00e3 v\u00e0 \u0111ang h\u01b0\u1edbng \u0111\u1ebfn.<\/p>\n<div class=\"o9v6fnle cxmmr5t8 oygrvhab hcukyx3x c1et5uql ii04i59q\">\n<div dir=\"auto\">\n<table style=\"border-collapse: collapse; width: 100%;\">\n<tbody>\n<tr>\n<td style=\"width: 25%;\"><img loading=\"lazy\" decoding=\"async\" class=\"size-full wp-image-29 aligncenter\" src=\"https:\/\/dagoras.io\/wp-content\/uploads\/2021\/07\/big-data.png\" alt=\"Big Data\" width=\"76\" height=\"78\" \/><\/p>\n<p style=\"text-align: center;\"><strong>PH\u00c2N T\u00cdCH D\u1eee LI\u1ec6U<\/strong><\/p>\n<p style=\"text-align: center;\"><strong>BIG DATA<\/strong><\/p>\n<\/td>\n<td style=\"width: 25%;\"><img loading=\"lazy\" decoding=\"async\" class=\"size-full wp-image-30 aligncenter\" src=\"https:\/\/dagoras.io\/wp-content\/uploads\/2021\/07\/ai.png\" alt=\"AI\" width=\"76\" height=\"78\" \/><\/p>\n<p style=\"text-align: center;\"><strong>TR\u00cd TU\u1ec6 NH\u00c2N T\u1ea0O<\/strong><\/p>\n<p style=\"text-align: center;\"><strong>AI<\/strong><\/p>\n<\/td>\n<td style=\"width: 25%;\"><img loading=\"lazy\" decoding=\"async\" class=\"size-full wp-image-31 aligncenter\" src=\"https:\/\/dagoras.io\/wp-content\/uploads\/2021\/07\/ml.png\" alt=\"Machine Learning\" width=\"76\" height=\"78\" \/><\/p>\n<p style=\"text-align: center;\"><strong>H\u1eccC M\u00c1Y<\/strong><\/p>\n<p style=\"text-align: center;\"><strong>MACHINE LEARNING<\/strong><\/p>\n<\/td>\n<td style=\"width: 25%;\"><img loading=\"lazy\" decoding=\"async\" class=\"size-full wp-image-224 aligncenter\" src=\"https:\/\/dagoras.io\/wp-content\/uploads\/2021\/07\/NPL-3.png\" alt=\"\" width=\"78\" height=\"78\" \/><\/p>\n<p style=\"text-align: center;\"><strong>X\u1eec L\u00dd <\/strong><\/p>\n<p style=\"text-align: center; line-height: 0.5;\"><strong>NG\u00d4N NG\u1eee T\u1ef0 NHI\u00caN<\/strong><\/p>\n<p style=\"text-align: center;\"><strong>NLP<\/strong><\/p>\n<\/td>\n<\/tr>\n<\/tbody>\n<\/table>\n<p style=\"text-align: justify;\">V\u1edbi \u0111\u1ed9i ng\u0169 nhi\u1ec1u n\u0103m kinh nghi\u1ec7m trong ng\u00e0nh, ch\u00fang t\u00f4i lu\u00f4n t\u00ecm t\u00f2i, nghi\u00ean c\u1ee9u v\u00e0 \u00e1p d\u1ee5ng c\u00e1c c\u00f4ng ngh\u1ec7 m\u1edbi nh\u1ea5t trong vi\u1ec7c ph\u00e1t tri\u1ec3n gi\u1ea3i ph\u00e1p nh\u01b0: Ph\u00e2n t\u00edch d\u1eef li\u1ec7u l\u1edbn (Big Data), Tr\u00ed tu\u1ec7 nh\u00e2n t\u1ea1o (AI),\u00a0 H\u1ecdc m\u00e1y (machine learning) v\u00e0 X\u1eed l\u00fd ng\u00f4n ng\u1eef t\u1ef1 nhi\u00ean (NLP).<\/p>\n<p style=\"text-align: justify;\">N\u0103m 2019, DAGORAS \u0111\u01b0\u1ee3c t\u00e0i tr\u1ee3 b\u1edfi Vin Group th\u00f4ng qua qu\u1ef9 Vintech Fund &#8211; Qu\u1ef9 \u0111\u1ea7u t\u01b0 ph\u00e1t tri\u1ec3n c\u00e1c d\u1ef1 \u00e1n nghi\u00ean c\u1ee9u khoa h\u1ecdc \u1ee9ng d\u1ee5ng v\u00e0 nh\u1eadn \u0111\u01b0\u1ee3c s\u1ef1 b\u1ea3o tr\u1ee3 b\u1edfi \u0110\u1ea1i h\u1ecdc Qu\u1ed1c gia H\u00e0 N\u1ed9i. DAGORAS n\u1eafm gi\u1eef m\u1ed9t \u0111\u1ed9i ng\u0169 nh\u00e2n s\u1ef1 nhanh nh\u1eb9n, s\u00e1ng t\u1ea1o, nhi\u1ec7t t\u00ecnh, c\u00f3 tr\u00ecnh \u0111\u1ed9 chuy\u00ean m\u00f4n v\u00e0 b\u1ec1 d\u00e0y kinh nghi\u1ec7m, c\u00e1c s\u1ea3n ph\u1ea9m n\u1ec1n t\u1ea3ng t\u1eadn d\u1ee5ng \u0111\u01b0\u1ee3c c\u00f4ng ngh\u1ec7 m\u1edbi v\u00e0 ph\u00f9 h\u1ee3p v\u1edbi tr\u00e0o l\u01b0u c\u1ee7a x\u00e3 h\u1ed9i. D\u00f9 tu\u1ed5i \u0111\u1eddi c\u00f2n r\u1ea5t tr\u1ebb, nh\u01b0ng DAGORAS \u0111\u00e3 v\u00e0 \u0111ang l\u00e0m h\u00e0i l\u00f2ng nhi\u1ec1u kh\u00e1ch h\u00e0ng, \u0111\u1ed1i t\u00e1c \u1edf c\u00e1c l\u0129nh v\u1ef1c vi\u1ec5n th\u00f4ng, ng\u00e2n h\u00e0ng, gi\u00e1o d\u1ee5c, b\u00e1n l\u1ebb; trong \u0111\u00f3 c\u00f3 nh\u1eefng t\u1eadp \u0111o\u00e0n, \u0111\u01a1n v\u1ecb l\u1edbn nh\u01b0 Viettel, Mobifone, FPT, Vietcombank, Vinfast, \u0110\u1ea1i h\u1ecdc Qu\u1ed1c gia, B\u1ea3o Vi\u1ec7t Nh\u00e2n Th\u1ecd, v.v..<\/p>\n<p><img loading=\"lazy\" decoding=\"async\" class=\" wp-image-245 aligncenter\" src=\"https:\/\/dagoras.io\/wp-content\/uploads\/2021\/08\/usedTechnology-2.jpg\" alt=\"\" width=\"552\" height=\"354\" srcset=\"https:\/\/dagoras.io\/wp-content\/uploads\/2021\/08\/usedTechnology-2.jpg 1240w, https:\/\/dagoras.io\/wp-content\/uploads\/2021\/08\/usedTechnology-2-300x192.jpg 300w, https:\/\/dagoras.io\/wp-content\/uploads\/2021\/08\/usedTechnology-2-1024x657.jpg 1024w, https:\/\/dagoras.io\/wp-content\/uploads\/2021\/08\/usedTechnology-2-768x492.jpg 768w\" sizes=\"auto, (max-width: 552px) 100vw, 552px\" \/><\/p>\n<\/div>\n<\/div>\n<h3>T\u1ea7m nh\u00ecn v\u00e0 s\u1ee9 m\u1ec7nh<\/h3>\n<p style=\"text-align: justify;\">V\u1edbi m\u1ee5c ti\u00eau ph\u00e1t tri\u1ec3n ti\u00ean phong v\u00e0 b\u1ec1n v\u1eefng, ngay t\u1eeb khi m\u1edbi th\u00e0nh l\u1eadp, DAGORAS \u0111\u00e3 x\u00e2y d\u1ef1ng cho doanh nghi\u1ec7p t\u1ea7m nh\u00ecn v\u00e0 s\u1ee9 m\u1ec7nh nh\u01b0 sau:<\/p>\n<p><em><strong>T\u1ea7m nh\u00ecn:<\/strong><\/em><\/p>\n<p style=\"text-align: justify;\">Trong 2 n\u0103m t\u1edbi, DAGORAS s\u1ebd m\u1edf r\u1ed9ng th\u1ecb tr\u01b0\u1eddng sang khu v\u1ef1c \u0110\u00f4ng Nam \u00c1. Trong 5 n\u0103m t\u1edbi s\u1ebd ch\u1ea1m t\u1edbi th\u1ecb tr\u01b0\u1eddng Ch\u00e2u \u00c1.<\/p>\n<p style=\"text-align: justify;\">Trong 5 n\u0103m t\u1edbi, DAGORAS s\u1ebd tr\u1edf th\u00e0nh c\u00f4ng ty h\u00e0ng \u0111\u1ea7u trong l\u0129nh v\u1ef1c truy\u1ec1n th\u00f4ng v\u00e0 ti\u1ebfp th\u1ecb d\u1ef1a tr\u00ean n\u1ec1n t\u1ea3ng d\u1eef li\u1ec7u l\u1edbn t\u1ea1i Vi\u1ec7t Nam.<\/p>\n<p><em><strong>S\u1ee9 m\u1ec7nh:<\/strong><\/em><\/p>\n<p style=\"text-align: justify;\"><em>\u0110\u1ed1i v\u1edbi kh\u00e1ch h\u00e0ng doanh nghi\u1ec7p<\/em>: DAGORAS x\u00e1c \u0111\u1ecbnh cho m\u00ecnh s\u1ee9 m\u1ec7nh tr\u1edf th\u00e0nh \u201cc\u00e1nh tay n\u1ed1i d\u00e0i c\u1ee7a kh\u00e1ch h\u00e0ng\u201d, d\u1ecbch v\u1ee5 c\u1ee7a ch\u00fang t\u00f4i gi\u00fap kh\u00e1ch h\u00e0ng n\u00e2ng cao kh\u1ea3 n\u0103ng ti\u1ebfp c\u1eadn kh\u00e1ch h\u00e0ng ti\u1ec1m n\u0103ng, ti\u1ebft ki\u1ec7m v\u1ec1 th\u1eddi gian, chi ph\u00ed, n\u00e2ng cao hi\u1ec7u su\u1ea5t. T\u1eeb \u0111\u00f3, kh\u00e1ch h\u00e0ng ch\u1ec9 c\u1ea7n t\u1eadp trung v\u00e0o c\u00f4ng vi\u1ec7c chuy\u00ean m\u00f4n, Dagoras s\u1ebd ch\u1ecbu tr\u00e1ch nhi\u1ec7m h\u1ed7 tr\u1ee3 trong vi\u1ec7c ti\u1ebfp c\u1eadn kh\u00e1ch h\u00e0ng, \u0111\u01b0a ra c\u00e1c chi\u1ebfn d\u1ecbch truy\u1ec1n th\u00f4ng h\u1ee3p l\u00fd v\u00e0 t\u1eeb \u0111\u00f3 n\u00e2ng cao doanh s\u1ed1 kinh doanh.<\/p>\n<p><em>\u0110\u1ed1i v\u1edbi ng\u01b0\u1eddi d\u00f9ng c\u00e1 nh\u00e2n: <\/em>DAGORAS gi\u00fap c\u00e1c ng\u01b0\u1eddi d\u00f9ng c\u00e1 nh\u00e2n \u0111\u01b0\u1ee3c gi\u1ea3i quy\u1ebft c\u00e1c nhu c\u1ea7u v\u1ec1 s\u1ea3n ph\u1ea9m v\u00e0 d\u1ecbch v\u1ee5 m\u1ed9t c\u00e1ch nhanh ch\u00f3ng, thu\u1eadn ti\u1ec7n v\u00e0 v\u0103n minh.<\/p>\n<p style=\"text-align: justify;\"><em>\u0110\u1ed1i v\u1edbi ng\u01b0\u1eddi lao \u0111\u1ed9ng<\/em>: L\u00e0 c\u1ea7u n\u1ed1i gi\u1eefa ng\u01b0\u1eddi lao \u0111\u1ed9ng v\u00e0 doanh nghi\u1ec7p, gi\u00fap ng\u01b0\u1eddi lao \u0111\u1ed9ng c\u00f3 c\u00f4ng vi\u1ec7c \u1ed5n \u0111\u1ecbnh, n\u00e2ng cao thu nh\u1eadp, \u0111\u1eb7c bi\u1ec7t DAGORAS lu\u00f4n ch\u00fa tr\u1ecdng n\u00e2ng cao ch\u1ea5t l\u01b0\u1ee3ng lao \u0111\u1ed9ng th\u00f4ng qua \u0111\u00e0o t\u1ea1o.<\/p>\n<p style=\"text-align: justify;\"><em>\u0110\u1ed1i v\u1edbi x\u00e3 h\u1ed9i<\/em>: C\u00e1c d\u1ecbch v\u1ee5 c\u1ee7a DAGORAS h\u1ed7 tr\u1ee3 gi\u1ea3i quy\u1ebft c\u00e1c v\u1ea5n \u0111\u1ec1 \u0111ang \u0111\u01b0\u1ee3c quan t\u00e2m c\u1ee7a x\u00e3 h\u1ed9i v\u1ec1 ti\u1ebfp c\u1eadn kh\u00e1c h\u00e0ng, k\u1ebft n\u1ed1i gi\u1eefa ng\u01b0\u1eddi d\u00f9ng v\u00e0 doanh nghi\u1ec7p m\u1ed9t c\u00e1ch h\u1ee3p l\u00fd, v\u0103n minh, t\u1eeb \u0111\u00f3 th\u00fac \u0111\u1ea9y ph\u00e1t tri\u1ec3n n\u1ec1n kinh t\u1ebf Vi\u1ec7t Nam.<\/p>\n<p style=\"text-align: justify;\">T\u1ea7m nh\u00ecn v\u00e0 s\u1ee9 m\u1ec7nh \u0111\u00f3 lu\u00f4n l\u00e0 kim ch\u1ec9 nam cho c\u00e1c ho\u1ea1t \u0111\u1ed9ng c\u1ee7a DAGORAS. Ch\u00fang t\u00f4i lu\u00f4n c\u1ea7n c\u00f9, s\u00e1ng t\u1ea1o trong c\u00f4ng vi\u1ec7c, nhi\u1ec7t t\u00ecnh t\u00ecm hi\u1ec3u nghi\u1ec7p v\u1ee5 c\u1ee7a \u0111\u1ed1i t\u00e1c v\u00e0 kh\u00f4ng ng\u1eebng n\u00e2ng c\u1ea5p nghi\u1ec7p v\u1ee5, tr\u00ecnh \u0111\u1ed9 chuy\u00ean m\u00f4n c\u0169ng nh\u01b0 n\u00e2ng c\u1ea5p n\u1ec1n t\u1ea3ng k\u1ef9 thu\u1eadt ph\u1ea7n c\u1ee9ng v\u00e0 h\u1ec7 th\u1ed1ng ph\u1ea7n m\u1ec1m theo h\u01b0\u1edbng hi\u1ec7n \u0111\u1ea1i, hi\u1ec7u qu\u1ea3 v\u00e0 an to\u00e0n.<\/p>\n<p>&nbsp;<\/p>\n","protected":false},"excerpt":{"rendered":"<p>V\u1ec1 Dagoras ch\u00fang t\u00f4i! DAGORAS l\u00e0 m\u1ed9t startup c\u00f4ng ngh\u1ec7 ho\u1ea1t \u0111\u1ed9ng trong l\u0129nh v\u1ef1c marketing technology t\u1ea1i Vi\u1ec7t Nam v\u1edbi m\u1ee5c ti\u00eau cung c\u1ea5p b\u1ed9 gi\u1ea3i ph\u00e1p to\u00e0n di\u1ec7n gi\u00fap c\u00e1c doanh nghi\u1ec7p n\u00e2ng cao hi\u1ec7u qu\u1ea3 kinh doanh v\u1ec1 truy\u1ec1n th\u00f4ng qua vi\u1ec7c th\u1ea5u hi\u1ec3u kh\u00e1ch h\u00e0ng c\u1ee7a ch\u00ednh m\u00ecnh. N\u0103m 2019, DAGORAS [&hellip;]<\/p>\n","protected":false},"author":2,"featured_media":0,"parent":0,"menu_order":0,"comment_status":"closed","ping_status":"closed","template":"","meta":{"footnotes":""},"class_list":["post-7","page","type-page","status-publish","hentry"],"_links":{"self":[{"href":"https:\/\/dagoras.io\/index.php?rest_route=\/wp\/v2\/pages\/7","targetHints":{"allow":["GET"]}}],"collection":[{"href":"https:\/\/dagoras.io\/index.php?rest_route=\/wp\/v2\/pages"}],"about":[{"href":"https:\/\/dagoras.io\/index.php?rest_route=\/wp\/v2\/types\/page"}],"author":[{"embeddable":true,"href":"https:\/\/dagoras.io\/index.php?rest_route=\/wp\/v2\/users\/2"}],"replies":[{"embeddable":true,"href":"https:\/\/dagoras.io\/index.php?rest_route=%2Fwp%2Fv2%2Fcomments&post=7"}],"version-history":[{"count":22,"href":"https:\/\/dagoras.io\/index.php?rest_route=\/wp\/v2\/pages\/7\/revisions"}],"predecessor-version":[{"id":466,"href":"https:\/\/dagoras.io\/index.php?rest_route=\/wp\/v2\/pages\/7\/revisions\/466"}],"wp:attachment":[{"href":"https:\/\/dagoras.io\/index.php?rest_route=%2Fwp%2Fv2%2Fmedia&parent=7"}],"curies":[{"name":"wp","href":"https:\/\/api.w.org\/{rel}","templated":true}]}}